{"id":526,"date":"2023-12-28T18:39:14","date_gmt":"2023-12-28T23:39:14","guid":{"rendered":"https:\/\/orphic.ca\/a-propos\/"},"modified":"2024-09-10T10:06:04","modified_gmt":"2024-09-10T14:06:04","slug":"about-us","status":"publish","type":"page","link":"https:\/\/orphic.ca\/en\/about-us\/","title":{"rendered":"About our agency"},"content":{"rendered":"\n<section class=\"wp-block-group alignfull has-base-color has-text-color has-background has-link-color wp-elements-b0a701f3da6f4b2573f0e9a6d53a1d56 has-global-padding is-layout-constrained wp-container-core-group-is-layout-030d7d1b wp-block-group-is-layout-constrained\" style=\"border-bottom-color:var(--wp--preset--color--neutral);border-bottom-width:1px;background:linear-gradient(180deg,rgb(49,47,49) 0%,rgb(33,32,33) 100%);margin-top:0;margin-bottom:0;padding-top:var(--wp--preset--spacing--medium);padding-right:var(--wp--preset--spacing--x-small);padding-bottom:var(--wp--preset--spacing--medium);padding-left:var(--wp--preset--spacing--x-small)\">\n<div style=\"height:47px\" aria-hidden=\"true\" class=\"wp-block-spacer\"><\/div>\n\n\n\n<div class=\"wp-block-columns alignwide are-vertically-aligned-top is-layout-flex wp-container-core-columns-is-layout-494b7923 wp-block-columns-is-layout-flex\">\n<div class=\"wp-block-column is-vertically-aligned-top is-layout-flow wp-block-column-is-layout-flow\"><h1 class=\"has-text-align-left wp-block-post-title has-max-48-font-size\">About our agency<\/h1>\n\n\n<p class=\"has-text-align-left has-large-font-size\" style=\"padding-top:var(--wp--preset--spacing--x-small);padding-bottom:var(--wp--preset--spacing--x-small)\">Orphic is a passionate team with unique talents. Our approach combines <strong>knowledge<\/strong>, <strong>durability<\/strong>, <strong>creativity<\/strong>, and <strong>transparency<\/strong>.<\/p>\n\n\n\n<div class=\"wp-block-buttons is-layout-flex wp-block-buttons-is-layout-flex\">\n<div class=\"wp-block-button has-custom-font-size has-medium-font-size\"><a class=\"wp-block-button__link wp-element-button\" href=\"https:\/\/orphic.ca\/en\/our-services\/\">See Our Services<\/a><\/div>\n<\/div>\n<\/div>\n\n\n\n<div class=\"wp-block-column is-vertically-aligned-top is-layout-flow wp-block-column-is-layout-flow\">\n<figure class=\"wp-block-image size-large\"><img loading=\"lazy\" decoding=\"async\" width=\"1024\" height=\"849\" src=\"https:\/\/orphic.ca\/wp-content\/uploads\/2024\/01\/Group-76-2-1024x849.png\" alt=\"\u00c9quipe Orphic | Savoir-faire, durabilit\u00e9 et cr\u00e9ativit\u00e9\" class=\"wp-image-1425\" srcset=\"https:\/\/orphic.ca\/wp-content\/uploads\/2024\/01\/Group-76-2-1024x849.png 1024w, https:\/\/orphic.ca\/wp-content\/uploads\/2024\/01\/Group-76-2-300x249.png 300w, https:\/\/orphic.ca\/wp-content\/uploads\/2024\/01\/Group-76-2-768x637.png 768w, https:\/\/orphic.ca\/wp-content\/uploads\/2024\/01\/Group-76-2.png 1323w\" sizes=\"auto, (max-width: 1024px) 100vw, 1024px\" \/><\/figure>\n<\/div>\n<\/div>\n\n\n\n<div class=\"wp-block-group has-global-padding is-layout-constrained wp-container-core-group-is-layout-64ec6e8c wp-block-group-is-layout-constrained\">\n<div style=\"height:39px\" aria-hidden=\"true\" class=\"wp-block-spacer\"><\/div>\n<\/div>\n<\/section>\n\n\n<section style=\"padding-right:var(--wp--preset--spacing--x-large);padding-left:var(--wp--preset--spacing--x-large);margin-top:0;margin-bottom:0;\" class=\"lined-container alignfull alignfull wp-block-acf-lined-container\">\n    <div class=\"lines\">\n        <svg xmlns=\"http:\/\/www.w3.org\/2000\/svg\" width=\"2\" height=\"163\" viewBox=\"0 0 2 163\" fill=\"currentColor\" preserveAspectRatio=\"none\"><path d=\"M1 0V163\" stroke=\"currentColor\"\/><\/svg>\n        <svg xmlns=\"http:\/\/www.w3.org\/2000\/svg\" width=\"2\" height=\"163\" viewBox=\"0 0 2 163\" fill=\"currentColor\" preserveAspectRatio=\"none\"><path d=\"M1 0V163\" stroke=\"currentColor\"\/><\/svg>\n        <svg xmlns=\"http:\/\/www.w3.org\/2000\/svg\" width=\"2\" height=\"163\" viewBox=\"0 0 2 163\" fill=\"currentColor\" preserveAspectRatio=\"none\"><path d=\"M1 0V163\" stroke=\"currentColor\"\/><\/svg>\n        <svg xmlns=\"http:\/\/www.w3.org\/2000\/svg\" width=\"2\" height=\"163\" viewBox=\"0 0 2 163\" fill=\"currentColor\" preserveAspectRatio=\"none\"><path d=\"M1 0V163\" stroke=\"currentColor\"\/><\/svg>\n    <\/div>\n    <div class=\"acf-innerblocks-container\">\n\n<div style=\"height:176px\" aria-hidden=\"true\" class=\"wp-block-spacer\"><\/div>\n\n\n\n<div class=\"wp-block-columns alignwide are-vertically-aligned-center is-layout-flex wp-container-core-columns-is-layout-28f84493 wp-block-columns-is-layout-flex\">\n<div class=\"wp-block-column is-vertically-aligned-center is-layout-flow wp-block-column-is-layout-flow\">\n<figure class=\"wp-block-image size-large\"><img loading=\"lazy\" decoding=\"async\" width=\"1024\" height=\"739\" src=\"https:\/\/orphic.ca\/wp-content\/uploads\/2024\/01\/Frame-4-1024x739.png\" alt=\"Fondateurs Orphic - Olivier C\u00f4t\u00e9 et Thierry Le Bourdais\" class=\"wp-image-1265\" srcset=\"https:\/\/orphic.ca\/wp-content\/uploads\/2024\/01\/Frame-4-1024x739.png 1024w, https:\/\/orphic.ca\/wp-content\/uploads\/2024\/01\/Frame-4-300x217.png 300w, https:\/\/orphic.ca\/wp-content\/uploads\/2024\/01\/Frame-4-768x555.png 768w, https:\/\/orphic.ca\/wp-content\/uploads\/2024\/01\/Frame-4.png 1180w\" sizes=\"auto, (max-width: 1024px) 100vw, 1024px\" \/><\/figure>\n<\/div>\n\n\n\n<div class=\"wp-block-column is-vertically-aligned-center is-layout-flow wp-block-column-is-layout-flow\">\n<p class=\"has-text-align-left has-large-font-size\">Thierry and Olivier are childhood friends who developed a shared passion for the web. During their undergraduate studies\u2014Thierry in software engineering and Olivier in management information systems\u2014they founded Orphic. Their mission: to support businesses of all sizes in creating custom websites and digital products to help them achieve their business goals!<\/p>\n\n\n\n<div style=\"height:27px\" aria-hidden=\"true\" class=\"wp-block-spacer\"><\/div>\n<\/div>\n<\/div>\n\n\n\n<div style=\"height:126px\" aria-hidden=\"true\" class=\"wp-block-spacer\"><\/div>\n\n\n\n<h2 class=\"wp-block-heading has-text-align-center has-max-36-font-size\" style=\"padding-top:var(--wp--preset--spacing--small);padding-bottom:var(--wp--preset--spacing--x-large)\"><strong>Our Team<\/strong><\/h2>\n\n\n\n<div class=\"wp-block-columns is-layout-flex wp-container-core-columns-is-layout-fa7d3cc8 wp-block-columns-is-layout-flex\" style=\"padding-top:0;padding-right:var(--wp--preset--spacing--medium);padding-left:var(--wp--preset--spacing--medium)\">\n<div class=\"wp-block-column is-layout-flow wp-block-column-is-layout-flow\">\n<figure class=\"wp-block-image aligncenter size-large has-custom-border is-style-rounded\"><img loading=\"lazy\" decoding=\"async\" width=\"683\" height=\"1024\" src=\"https:\/\/orphic.ca\/wp-content\/uploads\/2024\/09\/Rendu-corpo_-12-683x1024.jpg\" alt=\"\" class=\"wp-image-4462\" style=\"border-radius:22px;object-fit:cover\" srcset=\"https:\/\/orphic.ca\/wp-content\/uploads\/2024\/09\/Rendu-corpo_-12-683x1024.jpg 683w, https:\/\/orphic.ca\/wp-content\/uploads\/2024\/09\/Rendu-corpo_-12-200x300.jpg 200w, https:\/\/orphic.ca\/wp-content\/uploads\/2024\/09\/Rendu-corpo_-12-768x1152.jpg 768w, https:\/\/orphic.ca\/wp-content\/uploads\/2024\/09\/Rendu-corpo_-12-1024x1536.jpg 1024w, https:\/\/orphic.ca\/wp-content\/uploads\/2024\/09\/Rendu-corpo_-12-1365x2048.jpg 1365w, https:\/\/orphic.ca\/wp-content\/uploads\/2024\/09\/Rendu-corpo_-12-scaled.jpg 1707w\" sizes=\"auto, (max-width: 683px) 100vw, 683px\" \/><\/figure>\n\n\n\n<p class=\"has-text-align-center has-large-font-size\"><strong>Thierry                 Le Bourdais<\/strong><\/p>\n\n\n\n<p class=\"has-text-align-center\"><strong>Co-founder <span style=\"color:#FF5722\"><strong> | <\/strong><\/span> <\/strong>Project Manager and Developer<\/p>\n<\/div>\n\n\n\n<div class=\"wp-block-column is-layout-flow wp-block-column-is-layout-flow\">\n<figure class=\"wp-block-image aligncenter size-large has-custom-border is-style-rounded\"><img loading=\"lazy\" decoding=\"async\" width=\"683\" height=\"1024\" src=\"https:\/\/orphic.ca\/wp-content\/uploads\/2024\/09\/Rendu-corpo_-14-683x1024.jpg\" alt=\"\" class=\"wp-image-4464\" style=\"border-radius:22px;object-fit:cover\" srcset=\"https:\/\/orphic.ca\/wp-content\/uploads\/2024\/09\/Rendu-corpo_-14-683x1024.jpg 683w, https:\/\/orphic.ca\/wp-content\/uploads\/2024\/09\/Rendu-corpo_-14-200x300.jpg 200w, https:\/\/orphic.ca\/wp-content\/uploads\/2024\/09\/Rendu-corpo_-14-768x1152.jpg 768w, https:\/\/orphic.ca\/wp-content\/uploads\/2024\/09\/Rendu-corpo_-14-1024x1536.jpg 1024w, https:\/\/orphic.ca\/wp-content\/uploads\/2024\/09\/Rendu-corpo_-14-1365x2048.jpg 1365w, https:\/\/orphic.ca\/wp-content\/uploads\/2024\/09\/Rendu-corpo_-14-scaled.jpg 1707w\" sizes=\"auto, (max-width: 683px) 100vw, 683px\" \/><\/figure>\n\n\n\n<p class=\"has-text-align-center has-large-font-size\"><strong>Olivier          C\u00f4t\u00e9<\/strong><\/p>\n\n\n\n<p class=\"has-text-align-center\"><strong>Co-founder <span style=\"color:#FF5722\"><strong> | <\/strong><\/span> <\/strong>Marketing and Client Acquisition<\/p>\n<\/div>\n\n\n\n<div class=\"wp-block-column is-layout-flow wp-block-column-is-layout-flow\">\n<figure class=\"wp-block-image aligncenter size-large has-custom-border is-style-rounded\"><img loading=\"lazy\" decoding=\"async\" width=\"683\" height=\"1024\" src=\"https:\/\/orphic.ca\/wp-content\/uploads\/2024\/09\/image-6-1-1-683x1024.png\" alt=\"\" class=\"wp-image-4471\" style=\"border-radius:22px;object-fit:cover\" srcset=\"https:\/\/orphic.ca\/wp-content\/uploads\/2024\/09\/image-6-1-1-683x1024.png 683w, https:\/\/orphic.ca\/wp-content\/uploads\/2024\/09\/image-6-1-1-200x300.png 200w, https:\/\/orphic.ca\/wp-content\/uploads\/2024\/09\/image-6-1-1-768x1152.png 768w, https:\/\/orphic.ca\/wp-content\/uploads\/2024\/09\/image-6-1-1-1024x1536.png 1024w, https:\/\/orphic.ca\/wp-content\/uploads\/2024\/09\/image-6-1-1-1366x2048.png 1366w\" sizes=\"auto, (max-width: 683px) 100vw, 683px\" \/><\/figure>\n\n\n\n<p class=\"has-text-align-center has-large-font-size\"><strong>Alexandre Billereau<\/strong><\/p>\n\n\n\n<p class=\"has-text-align-center\">Developer<\/p>\n<\/div>\n\n\n\n<div class=\"wp-block-column is-layout-flow wp-block-column-is-layout-flow\">\n<figure class=\"wp-block-image aligncenter size-large has-custom-border is-style-rounded\"><img loading=\"lazy\" decoding=\"async\" width=\"683\" height=\"1024\" src=\"https:\/\/orphic.ca\/wp-content\/uploads\/2024\/09\/PXL_20240812_145409754.PORTRAIT.ORIGINAL-Copy-1-683x1024.png\" alt=\"\" class=\"wp-image-4473\" style=\"border-radius:22px\" srcset=\"https:\/\/orphic.ca\/wp-content\/uploads\/2024\/09\/PXL_20240812_145409754.PORTRAIT.ORIGINAL-Copy-1-683x1024.png 683w, https:\/\/orphic.ca\/wp-content\/uploads\/2024\/09\/PXL_20240812_145409754.PORTRAIT.ORIGINAL-Copy-1-200x300.png 200w, https:\/\/orphic.ca\/wp-content\/uploads\/2024\/09\/PXL_20240812_145409754.PORTRAIT.ORIGINAL-Copy-1-768x1152.png 768w, https:\/\/orphic.ca\/wp-content\/uploads\/2024\/09\/PXL_20240812_145409754.PORTRAIT.ORIGINAL-Copy-1-1024x1536.png 1024w, https:\/\/orphic.ca\/wp-content\/uploads\/2024\/09\/PXL_20240812_145409754.PORTRAIT.ORIGINAL-Copy-1-1366x2048.png 1366w\" sizes=\"auto, (max-width: 683px) 100vw, 683px\" \/><\/figure>\n\n\n\n<p class=\"has-text-align-center has-large-font-size\"><strong>Audrey Tremblay<\/strong><\/p>\n\n\n\n<p class=\"has-text-align-center\">Content Editor<\/p>\n<\/div>\n\n\n\n<div class=\"wp-block-column is-layout-flow wp-block-column-is-layout-flow\">\n<figure class=\"wp-block-image size-large has-custom-border\"><img loading=\"lazy\" decoding=\"async\" width=\"683\" height=\"1024\" src=\"https:\/\/orphic.ca\/wp-content\/uploads\/2024\/09\/Rendu-corpo_-19-683x1024.jpg\" alt=\"\" class=\"wp-image-4494\" style=\"border-radius:22px\" srcset=\"https:\/\/orphic.ca\/wp-content\/uploads\/2024\/09\/Rendu-corpo_-19-683x1024.jpg 683w, https:\/\/orphic.ca\/wp-content\/uploads\/2024\/09\/Rendu-corpo_-19-200x300.jpg 200w, https:\/\/orphic.ca\/wp-content\/uploads\/2024\/09\/Rendu-corpo_-19-768x1152.jpg 768w, https:\/\/orphic.ca\/wp-content\/uploads\/2024\/09\/Rendu-corpo_-19-1024x1536.jpg 1024w, https:\/\/orphic.ca\/wp-content\/uploads\/2024\/09\/Rendu-corpo_-19-1365x2048.jpg 1365w, https:\/\/orphic.ca\/wp-content\/uploads\/2024\/09\/Rendu-corpo_-19-scaled.jpg 1707w\" sizes=\"auto, (max-width: 683px) 100vw, 683px\" \/><\/figure>\n\n\n\n<p class=\"has-text-align-center has-large-font-size\"><strong>France Bonneau<\/strong><\/p>\n\n\n\n<p class=\"has-text-align-center\"><strong>President of Communication Buena Onda <span style=\"color:#FF5722\"><strong> | <\/strong><\/span> <\/strong>Content Editor<\/p>\n<\/div>\n<\/div>\n\n\n\n<div style=\"height:147px\" aria-hidden=\"true\" class=\"wp-block-spacer\"><\/div>\n\n<\/div>\n<\/section>\n\n\n<div class=\"wp-block-group alignwide has-global-padding is-layout-constrained wp-block-group-is-layout-constrained\" style=\"padding-top:var(--wp--preset--spacing--x-large);padding-bottom:var(--wp--preset--spacing--x-large)\">\n<div class=\"wp-block-columns alignwide is-layout-flex wp-container-core-columns-is-layout-50989e11 wp-block-columns-is-layout-flex\" style=\"padding-top:0;padding-bottom:var(--wp--preset--spacing--x-large)\">\n<div class=\"wp-block-column is-vertically-aligned-center is-layout-flow wp-block-column-is-layout-flow\" style=\"flex-basis:40%\">\n<h2 class=\"wp-block-heading has-max-36-font-size\"><strong>A Key Partnership<\/strong><\/h2>\n\n\n\n<p>We work in partnership with Communication Buena Onda, a firm specializing in communication, to enhance the quality of service we offer our clients.<\/p>\n\n\n\n<p>By doing so, we combine the expertise of our web developers with the strategic communication experience of Communication Buena Onda.<\/p>\n<\/div>\n\n\n\n<div class=\"wp-block-column is-layout-flow wp-block-column-is-layout-flow\" style=\"flex-basis:60%\">\n<figure class=\"wp-block-image size-large is-resized\"><img loading=\"lazy\" decoding=\"async\" width=\"1024\" height=\"514\" src=\"https:\/\/orphic.ca\/wp-content\/uploads\/2024\/09\/Group-346-1024x514.png\" alt=\"\" class=\"wp-image-4514\" style=\"width:733px;height:auto\" srcset=\"https:\/\/orphic.ca\/wp-content\/uploads\/2024\/09\/Group-346-1024x514.png 1024w, https:\/\/orphic.ca\/wp-content\/uploads\/2024\/09\/Group-346-300x151.png 300w, https:\/\/orphic.ca\/wp-content\/uploads\/2024\/09\/Group-346-768x385.png 768w, https:\/\/orphic.ca\/wp-content\/uploads\/2024\/09\/Group-346-1536x771.png 1536w, https:\/\/orphic.ca\/wp-content\/uploads\/2024\/09\/Group-346-2048x1028.png 2048w\" sizes=\"auto, (max-width: 1024px) 100vw, 1024px\" \/><\/figure>\n<\/div>\n<\/div>\n<\/div>\n\n\n\n<section class=\"wp-block-group alignfull has-contrast-background-color has-background has-global-padding is-layout-constrained wp-container-core-group-is-layout-64e175c4 wp-block-group-is-layout-constrained\" style=\"margin-top:0;margin-bottom:0;padding-right:var(--wp--preset--spacing--x-small);padding-left:var(--wp--preset--spacing--x-small)\">\n<div class=\"wp-block-group alignwide has-base-color has-text-color has-link-color wp-elements-c4d8002885db5d9604c9f068b7c805ec has-global-padding is-layout-constrained wp-container-core-group-is-layout-caa214cd wp-block-group-is-layout-constrained\" style=\"padding-top:var(--wp--preset--spacing--small);padding-bottom:0\">\n<div style=\"height:84px\" aria-hidden=\"true\" class=\"wp-block-spacer\"><\/div>\n\n\n\n<div class=\"wp-block-group has-x-small-font-size is-content-justification-center is-nowrap is-layout-flex wp-container-core-group-is-layout-ef0cef2d wp-block-group-is-layout-flex\" style=\"margin-top:0;margin-bottom:0;padding-top:0;padding-right:0;padding-bottom:0;padding-left:0\">\n<figure class=\"wp-block-image size-full is-resized\"><img decoding=\"async\" src=\"https:\/\/orphic.ca\/wp-content\/uploads\/2023\/11\/sites-web-sur-mesure.svg\" alt=\"Savoir-faire\" class=\"wp-image-62\" style=\"width:58px;height:auto\"\/><\/figure>\n\n\n\n<figure class=\"wp-block-image size-full is-resized\"><img decoding=\"async\" src=\"https:\/\/orphic.ca\/wp-content\/uploads\/2023\/11\/produits-numeriques.svg\" alt=\"transparence\" class=\"wp-image-45\" style=\"width:58px\"\/><\/figure>\n\n\n\n<figure class=\"wp-block-image size-full is-resized\"><img decoding=\"async\" src=\"https:\/\/orphic.ca\/wp-content\/uploads\/2023\/11\/design-ui-ux.svg\" alt=\"Cr\u00e9ativit\u00e9\" class=\"wp-image-59\" style=\"width:58px;height:auto\"\/><\/figure>\n\n\n\n<figure class=\"wp-block-image size-full is-resized\"><img decoding=\"async\" src=\"https:\/\/orphic.ca\/wp-content\/uploads\/2023\/11\/applications-web-mobile.svg\" alt=\"Durabilit\u00e9\" class=\"wp-image-60\" style=\"width:58px\"\/><\/figure>\n<\/div>\n\n\n\n<h2 class=\"wp-block-heading alignwide has-text-align-center has-max-36-font-size\">Our Values<\/h2>\n\n\n\n<div class=\"wp-block-columns alignwide is-layout-flex wp-container-core-columns-is-layout-28f84493 wp-block-columns-is-layout-flex\">\n<div class=\"wp-block-column is-layout-flow wp-block-column-is-layout-flow\">\n<h3 class=\"wp-block-heading has-base-color has-text-color has-link-color has-x-large-font-size wp-elements-85ccdd6a53434d715f3dca5b0f077ebc\" style=\"margin-top:var(--wp--preset--spacing--x-small);margin-right:var(--wp--preset--spacing--x-small);margin-bottom:var(--wp--preset--spacing--x-small);margin-left:var(--wp--preset--spacing--x-small)\"><strong>Knowledge<\/strong><\/h3>\n\n\n\n<p style=\"margin-top:var(--wp--preset--spacing--x-small);margin-right:var(--wp--preset--spacing--x-small);margin-bottom:var(--wp--preset--spacing--x-small);margin-left:var(--wp--preset--spacing--x-small)\">We value the<strong> unique talents<\/strong> of each member of our team to turn your ideas into reality.<\/p>\n<\/div>\n\n\n\n<div class=\"wp-block-column is-layout-flow wp-block-column-is-layout-flow\">\n<h3 class=\"wp-block-heading has-base-color has-text-color has-link-color has-x-large-font-size wp-elements-009f58cdf017b25b7e66a7fb153d0305\" style=\"margin-top:var(--wp--preset--spacing--x-small);margin-right:var(--wp--preset--spacing--x-small);margin-bottom:var(--wp--preset--spacing--x-small);margin-left:var(--wp--preset--spacing--x-small)\"><strong>Durability<\/strong><\/h3>\n\n\n\n<p style=\"margin-top:var(--wp--preset--spacing--x-small);margin-right:var(--wp--preset--spacing--x-small);margin-bottom:var(--wp--preset--spacing--x-small);margin-left:var(--wp--preset--spacing--x-small)\">We foster <strong>long-term relationships <\/strong>where we build <strong>trust <\/strong>with our clients.<\/p>\n<\/div>\n\n\n\n<div class=\"wp-block-column is-layout-flow wp-block-column-is-layout-flow\">\n<h2 class=\"wp-block-heading has-base-color has-text-color has-link-color has-x-large-font-size wp-elements-352276ebae52d895d71abd00dd028a28\" style=\"margin-top:var(--wp--preset--spacing--x-small);margin-right:var(--wp--preset--spacing--x-small);margin-bottom:var(--wp--preset--spacing--x-small);margin-left:var(--wp--preset--spacing--x-small)\"><strong>Creativity<\/strong><\/h2>\n\n\n\n<p style=\"margin-top:var(--wp--preset--spacing--x-small);margin-right:var(--wp--preset--spacing--x-small);margin-bottom:var(--wp--preset--spacing--x-small);margin-left:var(--wp--preset--spacing--x-small)\">Creativity is at the heart of our approach, and we ensure that each team member has the <strong>creative space to explore their ideas<\/strong>.<\/p>\n<\/div>\n\n\n\n<div class=\"wp-block-column is-layout-flow wp-block-column-is-layout-flow\">\n<h2 class=\"wp-block-heading has-base-color has-text-color has-link-color has-x-large-font-size wp-elements-09e4a6707acf408f3a700685351ed6ec\" style=\"margin-top:var(--wp--preset--spacing--x-small);margin-right:var(--wp--preset--spacing--x-small);margin-bottom:var(--wp--preset--spacing--x-small);margin-left:var(--wp--preset--spacing--x-small)\"><strong>Transparenc<\/strong>y<\/h2>\n\n\n\n<p style=\"margin-top:var(--wp--preset--spacing--x-small);margin-right:var(--wp--preset--spacing--x-small);margin-bottom:var(--wp--preset--spacing--x-small);margin-left:var(--wp--preset--spacing--x-small)\">We believe that transparency is the key to any successful business relationship, which is why we <strong>maintain frequent and open communication with our clients<\/strong>.<\/p>\n<\/div>\n<\/div>\n\n\n\n<div style=\"height:79px\" aria-hidden=\"true\" class=\"wp-block-spacer\"><\/div>\n<\/div>\n\n\n\n<div class=\"wp-block-group has-global-padding is-layout-constrained wp-block-group-is-layout-constrained\">\n<h2 class=\"wp-block-heading has-text-align-center has-base-color has-text-color has-link-color has-max-36-font-size wp-elements-c0d313cf8baba2a63a5b24a1f0cdecf0\">Choose the web agency that shares your values.<\/h2>\n\n\n\n<div style=\"height:32px\" aria-hidden=\"true\" class=\"wp-block-spacer\"><\/div>\n\n\n\n<div class=\"wp-block-buttons is-content-justification-center is-layout-flex wp-container-core-buttons-is-layout-a89b3969 wp-block-buttons-is-layout-flex\">\n<div class=\"wp-block-button is-style-fill\"><a class=\"wp-block-button__link has-base-color has-primary-background-color has-text-color has-background has-link-color wp-element-button\" href=\"https:\/\/orphic.ca\/en\/contact-us\/\">Work With Us<\/a><\/div>\n<\/div>\n<\/div>\n\n\n\n<div style=\"height:99px\" aria-hidden=\"true\" class=\"wp-block-spacer\"><\/div>\n<\/section>\n","protected":false},"excerpt":{"rendered":"<p>Orphic is a passionate team with unique talents. Our approach combines knowledge, durability, creativity, and transparency. A Key Partnership We work in partnership with Communication Buena Onda, a firm specializing in communication, to enhance the quality of service we offer our clients. By doing so, we combine the expertise of our web developers with the [&hellip;]<\/p>\n","protected":false},"author":1,"featured_media":2326,"parent":0,"menu_order":0,"comment_status":"closed","ping_status":"closed","template":"no-title","meta":{"_acf_changed":false,"footnotes":""},"class_list":["post-526","page","type-page","status-publish","has-post-thumbnail","hentry"],"acf":[],"_links":{"self":[{"href":"https:\/\/orphic.ca\/en\/wp-json\/wp\/v2\/pages\/526","targetHints":{"allow":["GET"]}}],"collection":[{"href":"https:\/\/orphic.ca\/en\/wp-json\/wp\/v2\/pages"}],"about":[{"href":"https:\/\/orphic.ca\/en\/wp-json\/wp\/v2\/types\/page"}],"author":[{"embeddable":true,"href":"https:\/\/orphic.ca\/en\/wp-json\/wp\/v2\/users\/1"}],"replies":[{"embeddable":true,"href":"https:\/\/orphic.ca\/en\/wp-json\/wp\/v2\/comments?post=526"}],"version-history":[{"count":5,"href":"https:\/\/orphic.ca\/en\/wp-json\/wp\/v2\/pages\/526\/revisions"}],"predecessor-version":[{"id":4518,"href":"https:\/\/orphic.ca\/en\/wp-json\/wp\/v2\/pages\/526\/revisions\/4518"}],"wp:featuredmedia":[{"embeddable":true,"href":"https:\/\/orphic.ca\/en\/wp-json\/wp\/v2\/media\/2326"}],"wp:attachment":[{"href":"https:\/\/orphic.ca\/en\/wp-json\/wp\/v2\/media?parent=526"}],"curies":[{"name":"wp","href":"https:\/\/api.w.org\/{rel}","templated":true}]}}